{"id":190,"date":"2023-03-01T14:02:11","date_gmt":"2023-03-01T22:02:11","guid":{"rendered":"https:\/\/www.tujungaconstruction.com\/special-offers\/"},"modified":"2023-03-03T15:39:27","modified_gmt":"2023-03-03T23:39:27","slug":"special-offers","status":"publish","type":"page","link":"https:\/\/www.tujungaconstruction.com\/es\/special-offers\/","title":{"rendered":"Ofertas especiales"},"content":{"rendered":"<div data-elementor-type=\"wp-page\" data-elementor-id=\"190\" class=\"elementor elementor-190\" data-elementor-post-type=\"page\">\n\t\t\t\t\t\t<section class=\"elementor-section elementor-top-section elementor-element elementor-element-09afa8c elementor-section-height-min-height elementor-section-boxed elementor-section-height-default elementor-section-items-middle\" data-id=\"09afa8c\" data-element_type=\"section\" data-e-type=\"section\" data-settings=\"{&quot;background_background&quot;:&quot;classic&quot;}\">\n\t\t\t\t\t\t\t<div class=\"elementor-background-overlay\"><\/div>\n\t\t\t\t\t\t\t<div class=\"elementor-container elementor-column-gap-wider\">\n\t\t\t\t\t<div class=\"elementor-column elementor-col-100 elementor-top-column elementor-element elementor-element-f2cca50\" data-id=\"f2cca50\" data-element_type=\"column\" data-e-type=\"column\">\n\t\t\t<div class=\"elementor-widget-wrap elementor-element-populated\">\n\t\t\t\t\t\t<div class=\"elementor-element elementor-element-69d6bf2 elementor-widget__width-auto elementor-invisible elementor-widget elementor-widget-heading\" data-id=\"69d6bf2\" data-element_type=\"widget\" data-e-type=\"widget\" data-settings=\"{&quot;_animation&quot;:&quot;fadeInUp&quot;,&quot;_animation_delay&quot;:600}\" data-widget_type=\"heading.default\">\n\t\t\t\t\t<h1 class=\"elementor-heading-title elementor-size-default\">Ofertas especiales<\/h1>\t\t\t\t<\/div>\n\t\t\t\t\t<\/div>\n\t\t<\/div>\n\t\t\t\t\t<\/div>\n\t\t<\/section>\n\t\t\t\t<section class=\"elementor-section elementor-top-section elementor-element elementor-element-65c74eb elementor-section-boxed elementor-section-height-default elementor-section-height-default\" data-id=\"65c74eb\" data-element_type=\"section\" data-e-type=\"section\">\n\t\t\t\t\t\t<div class=\"elementor-container elementor-column-gap-wider\">\n\t\t\t\t\t<div class=\"elementor-column elementor-col-100 elementor-top-column elementor-element elementor-element-87e6289\" data-id=\"87e6289\" data-element_type=\"column\" data-e-type=\"column\">\n\t\t\t<div class=\"elementor-widget-wrap elementor-element-populated\">\n\t\t\t\t\t\t<div class=\"elementor-element elementor-element-5a49657 elementor-widget__width-auto elementor-widget elementor-widget-heading\" data-id=\"5a49657\" data-element_type=\"widget\" data-e-type=\"widget\" data-widget_type=\"heading.default\">\n\t\t\t\t\t<div class=\"elementor-heading-title elementor-size-default\">Desde nuestro<\/div>\t\t\t\t<\/div>\n\t\t\t\t<div class=\"elementor-element elementor-element-d5c46a1 elementor-widget elementor-widget-heading\" data-id=\"d5c46a1\" data-element_type=\"widget\" data-e-type=\"widget\" data-widget_type=\"heading.default\">\n\t\t\t\t\t<h2 class=\"elementor-heading-title elementor-size-default\">Ofertas especiales<\/h2>\t\t\t\t<\/div>\n\t\t\t\t<div class=\"elementor-element elementor-element-b0c85a7 elementor-widget__width-initial elementor-posts--align-left elementor-grid-3 elementor-grid-tablet-2 elementor-grid-mobile-1 elementor-posts--thumbnail-top elementor-widget elementor-widget-posts\" data-id=\"b0c85a7\" data-element_type=\"widget\" data-e-type=\"widget\" data-settings=\"{&quot;classic_row_gap&quot;:{&quot;unit&quot;:&quot;px&quot;,&quot;size&quot;:40,&quot;sizes&quot;:[]},&quot;classic_columns&quot;:&quot;3&quot;,&quot;classic_columns_tablet&quot;:&quot;2&quot;,&quot;classic_columns_mobile&quot;:&quot;1&quot;,&quot;classic_row_gap_tablet&quot;:{&quot;unit&quot;:&quot;px&quot;,&quot;size&quot;:&quot;&quot;,&quot;sizes&quot;:[]},&quot;classic_row_gap_mobile&quot;:{&quot;unit&quot;:&quot;px&quot;,&quot;size&quot;:&quot;&quot;,&quot;sizes&quot;:[]}}\" data-widget_type=\"posts.classic\">\n\t\t\t\t<div class=\"elementor-widget-container\">\n\t\t\t\t\t\t\t<div class=\"elementor-posts-container elementor-posts elementor-posts--skin-classic elementor-grid\" role=\"list\">\n\t\t\t\t<article class=\"elementor-post elementor-grid-item post-477 post type-post status-publish format-standard has-post-thumbnail hentry category-special-offers\" role=\"listitem\">\n\t\t\t\t<a class=\"elementor-post__thumbnail__link\" href=\"https:\/\/www.tujungaconstruction.com\/es\/new-special-for-installation-of-40-gallon-water-heater\/\" tabindex=\"-1\" >\n\t\t\t<div class=\"elementor-post__thumbnail\"><img fetchpriority=\"high\" decoding=\"async\" width=\"535\" height=\"540\" src=\"https:\/\/www.tujungaconstruction.com\/wp-content\/uploads\/2023\/03\/bradford-waterheater-1.webp\" class=\"attachment-full size-full wp-image-478\" alt=\"\" title=\"\" srcset=\"https:\/\/www.tujungaconstruction.com\/wp-content\/uploads\/2023\/03\/bradford-waterheater-1.webp 535w, https:\/\/www.tujungaconstruction.com\/wp-content\/uploads\/2023\/03\/bradford-waterheater-1-297x300.webp 297w, https:\/\/www.tujungaconstruction.com\/wp-content\/uploads\/2023\/03\/bradford-waterheater-1-150x150.webp 150w\" sizes=\"(max-width: 535px) 100vw, 535px\" \/><\/div>\n\t\t<\/a>\n\t\t\t\t<div class=\"elementor-post__text\">\n\t\t\t\t<h3 class=\"elementor-post__title\">\n\t\t\t<a href=\"https:\/\/www.tujungaconstruction.com\/es\/new-special-for-installation-of-40-gallon-water-heater\/\" >\n\t\t\t\tComprensi\u00f3n de la instalaci\u00f3n de un calentador de agua de 40 galones: Perspectivas de Eduard Enfiajyan de Ed&#039;s Construction\t\t\t<\/a>\n\t\t<\/h3>\n\t\t\t\t<div class=\"elementor-post__excerpt\">\n\t\t\t<p>Por Eduard Enfiajyan, propietario de Ed&#039;s Construction. En Ed&#039;s Construction, creemos que un suministro confiable de agua caliente es fundamental para un hogar confortable. Como contratista experimentado que trabaja en la zona de Tujunga y alrededores, he visto de primera mano c\u00f3mo un calentador de agua adecuado puede transformar la vida diaria, ya sea una ducha caliente en una ma\u00f1ana fr\u00eda o platos limpios despu\u00e9s de una cena familiar. Hoy quiero explicarles los aspectos b\u00e1sicos de la instalaci\u00f3n de un calentador de agua de 40 galones, compartir mis opiniones profesionales y explicarles por qu\u00e9 este tama\u00f1o podr\u00eda ser la opci\u00f3n perfecta para su hogar. Profundicemos en los detalles.<\/p>\n\t\t<\/div>\n\t\t\t\t<\/div>\n\t\t\t\t<\/article>\n\t\t\t\t<\/div>\n\t\t\n\t\t\t\t\t\t<\/div>\n\t\t\t\t<\/div>\n\t\t\t\t\t<\/div>\n\t\t<\/div>\n\t\t\t\t\t<\/div>\n\t\t<\/section>\n\t\t\t\t<\/div>","protected":false},"excerpt":{"rendered":"<p>De nuestras Ofertas Especiales<\/p>","protected":false},"author":1,"featured_media":0,"parent":0,"menu_order":4,"comment_status":"closed","ping_status":"closed","template":"","meta":{"iawp_total_views":9,"footnotes":""},"class_list":["post-190","page","type-page","status-publish","hentry"],"_links":{"self":[{"href":"https:\/\/www.tujungaconstruction.com\/es\/wp-json\/wp\/v2\/pages\/190","targetHints":{"allow":["GET"]}}],"collection":[{"href":"https:\/\/www.tujungaconstruction.com\/es\/wp-json\/wp\/v2\/pages"}],"about":[{"href":"https:\/\/www.tujungaconstruction.com\/es\/wp-json\/wp\/v2\/types\/page"}],"author":[{"embeddable":true,"href":"https:\/\/www.tujungaconstruction.com\/es\/wp-json\/wp\/v2\/users\/1"}],"replies":[{"embeddable":true,"href":"https:\/\/www.tujungaconstruction.com\/es\/wp-json\/wp\/v2\/comments?post=190"}],"version-history":[{"count":0,"href":"https:\/\/www.tujungaconstruction.com\/es\/wp-json\/wp\/v2\/pages\/190\/revisions"}],"wp:attachment":[{"href":"https:\/\/www.tujungaconstruction.com\/es\/wp-json\/wp\/v2\/media?parent=190"}],"curies":[{"name":"gracias","href":"https:\/\/api.w.org\/{rel}","templated":true}]}}